{"id":13,"date":"2025-11-03T17:28:57","date_gmt":"2025-11-03T17:28:57","guid":{"rendered":"https:\/\/hstylebarber.rkinformatika.online\/?page_id=13"},"modified":"2025-11-04T17:54:24","modified_gmt":"2025-11-04T17:54:24","slug":"servicios","status":"publish","type":"page","link":"https:\/\/hstylebarber.com\/ca\/servicios\/","title":{"rendered":"Serveis"},"content":{"rendered":"<div data-elementor-type=\"wp-page\" data-elementor-id=\"13\" class=\"elementor elementor-13\" data-elementor-post-type=\"page\">\n\t\t\t\t<div class=\"elementor-element elementor-element-2e8eca3 e-flex e-con-boxed e-con e-parent\" data-id=\"2e8eca3\" data-element_type=\"container\" data-e-type=\"container\" data-settings=\"{&quot;background_background&quot;:&quot;classic&quot;}\">\n\t\t\t\t\t<div class=\"e-con-inner\">\n\t\t\t\t<div class=\"elementor-element elementor-element-ed0301a animated-slow elementor-invisible elementor-widget elementor-widget-heading\" data-id=\"ed0301a\" data-element_type=\"widget\" data-e-type=\"widget\" data-settings=\"{&quot;_animation&quot;:&quot;fadeInRight&quot;}\" data-widget_type=\"heading.default\">\n\t\t\t\t\t<h2 class=\"elementor-heading-title elementor-size-default\">\u00a1Vive la experiencia Hstylebarber!<\/h2>\t\t\t\t<\/div>\n\t\t\t\t\t<\/div>\n\t\t\t\t<\/div>\n\t\t<div class=\"elementor-element elementor-element-9848d96 e-flex e-con-boxed e-con e-parent\" data-id=\"9848d96\" data-element_type=\"container\" data-e-type=\"container\">\n\t\t\t\t\t<div class=\"e-con-inner\">\n\t\t<div class=\"elementor-element elementor-element-6366233 e-con-full e-flex e-con e-child\" data-id=\"6366233\" data-element_type=\"container\" data-e-type=\"container\">\n\t\t\t\t<div class=\"elementor-element elementor-element-776c0d1 elementor-position-top elementor-widget elementor-widget-image-box\" data-id=\"776c0d1\" data-element_type=\"widget\" data-e-type=\"widget\" data-widget_type=\"image-box.default\">\n\t\t\t\t\t<div class=\"elementor-image-box-wrapper\"><figure class=\"elementor-image-box-img\"><img decoding=\"async\" src=\"https:\/\/hstylebarber.com\/wp-content\/uploads\/elementor\/thumbs\/Diseno-sin-titulo-3-re7tfsg00a8lpzpwrsnaxuua3ecfs72lp3harkzty0.png\" title=\"Dise\u00f1o sin t\u00edtulo\" alt=\"Dise\u00f1o sin t\u00edtulo\" loading=\"lazy\" \/><\/figure><div class=\"elementor-image-box-content\"><h3 class=\"elementor-image-box-title\">Corte de pelo personalizado:<\/h3><p class=\"elementor-image-box-description\">Adaptado a tu estilo, rostro y personalidad.<\/p><\/div><\/div>\t\t\t\t<\/div>\n\t\t\t\t<\/div>\n\t\t<div class=\"elementor-element elementor-element-781a4cd e-con-full e-flex e-con e-child\" data-id=\"781a4cd\" data-element_type=\"container\" data-e-type=\"container\">\n\t\t\t\t<div class=\"elementor-element elementor-element-54b5b4b elementor-position-top elementor-widget elementor-widget-image-box\" data-id=\"54b5b4b\" data-element_type=\"widget\" data-e-type=\"widget\" data-widget_type=\"image-box.default\">\n\t\t\t\t\t<div class=\"elementor-image-box-wrapper\"><figure class=\"elementor-image-box-img\"><img decoding=\"async\" src=\"https:\/\/hstylebarber.com\/wp-content\/uploads\/elementor\/thumbs\/Diseno-sin-titulo-1-1-re7tro4kdwi2gkgoefijycx0dpsg2h8gzwb84hdpaw.png\" title=\"Dise\u00f1o sin t\u00edtulo (1)\" alt=\"Dise\u00f1o sin t\u00edtulo (1)\" loading=\"lazy\" \/><\/figure><div class=\"elementor-image-box-content\"><h3 class=\"elementor-image-box-title\">Arreglo y dise\u00f1o de barba:<\/h3><p class=\"elementor-image-box-description\">Definici\u00f3n precisa, hidrataci\u00f3n y acabado perfecto.<\/p><\/div><\/div>\t\t\t\t<\/div>\n\t\t\t\t<\/div>\n\t\t<div class=\"elementor-element elementor-element-bfb2588 e-con-full e-flex e-con e-child\" data-id=\"bfb2588\" data-element_type=\"container\" data-e-type=\"container\">\n\t\t\t\t<div class=\"elementor-element elementor-element-32abc79 elementor-position-top elementor-widget elementor-widget-image-box\" data-id=\"32abc79\" data-element_type=\"widget\" data-e-type=\"widget\" data-widget_type=\"image-box.default\">\n\t\t\t\t\t<div class=\"elementor-image-box-wrapper\"><figure class=\"elementor-image-box-img\"><img decoding=\"async\" src=\"https:\/\/hstylebarber.com\/wp-content\/uploads\/elementor\/thumbs\/Diseno-sin-titulo-2-1-re7u3nkhiuwohl1zf40b8u1l1kpx7jt9n7r3ehlzyw.png\" title=\"Dise\u00f1o sin t\u00edtulo (2)\" alt=\"Dise\u00f1o sin t\u00edtulo (2)\" loading=\"lazy\" \/><\/figure><div class=\"elementor-image-box-content\"><h3 class=\"elementor-image-box-title\">Afeitado tradicional con toalla caliente:<\/h3><p class=\"elementor-image-box-description\">Una experiencia \u00fanica de relajaci\u00f3n y cuidado.<\/p><\/div><\/div>\t\t\t\t<\/div>\n\t\t\t\t<\/div>\n\t\t<div class=\"elementor-element elementor-element-9a2b3f7 e-con-full e-flex e-con e-child\" data-id=\"9a2b3f7\" data-element_type=\"container\" data-e-type=\"container\">\n\t\t\t\t<div class=\"elementor-element elementor-element-11743e4 elementor-position-top elementor-widget elementor-widget-image-box\" data-id=\"11743e4\" data-element_type=\"widget\" data-e-type=\"widget\" data-widget_type=\"image-box.default\">\n\t\t\t\t\t<div class=\"elementor-image-box-wrapper\"><figure class=\"elementor-image-box-img\"><img decoding=\"async\" src=\"https:\/\/hstylebarber.com\/wp-content\/uploads\/elementor\/thumbs\/Diseno-sin-titulo-3-1-re7uamje7mg8lgxfpmhp8kpnngcxaqhllpxqjd9vtk.png\" title=\"Dise\u00f1o sin t\u00edtulo (3)\" alt=\"Dise\u00f1o sin t\u00edtulo (3)\" loading=\"lazy\" \/><\/figure><div class=\"elementor-image-box-content\"><h3 class=\"elementor-image-box-title\">Asesoramiento<br>de imagen:<\/h3><p class=\"elementor-image-box-description\">Te ayudamos a encontrar el look que mejor te representa.<\/p><\/div><\/div>\t\t\t\t<\/div>\n\t\t\t\t<\/div>\n\t\t\t\t\t<\/div>\n\t\t\t\t<\/div>\n\t\t<div class=\"elementor-element elementor-element-cf523d6 e-flex e-con-boxed e-con e-parent\" data-id=\"cf523d6\" data-element_type=\"container\" data-e-type=\"container\">\n\t\t\t\t\t<div class=\"e-con-inner\">\n\t\t\t\t<div class=\"elementor-element elementor-element-2d07568 elementor-cta--skin-cover elementor-animated-content elementor-bg-transform elementor-bg-transform-zoom-in elementor-widget elementor-widget-call-to-action\" data-id=\"2d07568\" data-element_type=\"widget\" data-e-type=\"widget\" data-widget_type=\"call-to-action.default\">\n\t\t\t\t\t\t\t<div class=\"elementor-cta\">\n\t\t\t\t\t<div class=\"elementor-cta__bg-wrapper\">\n\t\t\t\t<div class=\"elementor-cta__bg elementor-bg\" style=\"background-image: url(https:\/\/hstylebarber.com\/wp-content\/uploads\/2025\/11\/2149167446-1024x681.jpg);\" role=\"img\" aria-label=\"2149167446\"><\/div>\n\t\t\t\t<div class=\"elementor-cta__bg-overlay\"><\/div>\n\t\t\t<\/div>\n\t\t\t\t\t\t\t<div class=\"elementor-cta__content\">\n\t\t\t\t\n\t\t\t\t\t\t\t\t\t<h2 class=\"elementor-cta__title elementor-cta__content-item elementor-content-item elementor-animated-item--grow\">\n\t\t\t\t\t\tProductos de alta calidad y atenci\u00f3n exclusiva.\t\t\t\t\t<\/h2>\n\t\t\t\t\n\t\t\t\t\n\t\t\t\t\t\t\t<\/div>\n\t\t\t\t\t\t<\/div>\n\t\t\t\t\t\t<\/div>\n\t\t\t\t\t<\/div>\n\t\t\t\t<\/div>\n\t\t\t\t<\/div>","protected":false},"excerpt":{"rendered":"<p>\u00a1Vive la experiencia Hstylebarber! Corte de pelo personalizado: Adaptado a tu estilo, rostro y personalidad. Arreglo y dise\u00f1o de barba: Definici\u00f3n precisa, hidrataci\u00f3n y acabado perfecto. Afeitado tradicional con toalla caliente: Una experiencia \u00fanica de relajaci\u00f3n y cuidado. Asesoramientode imagen: Te ayudamos a encontrar el look que mejor te representa. Productos de alta calidad y [&hellip;]<\/p>\n","protected":false},"author":1,"featured_media":0,"parent":0,"menu_order":0,"comment_status":"closed","ping_status":"closed","template":"elementor_canvas","meta":{"footnotes":""},"class_list":["post-13","page","type-page","status-publish","hentry"],"yoast_head":"<!-- This site is optimized with the Yoast SEO plugin v27.5 - https:\/\/yoast.com\/product\/yoast-seo-wordpress\/ -->\n<title>Servicios - Hstylebarber<\/title>\n<meta name=\"robots\" content=\"index, follow, max-snippet:-1, max-image-preview:large, max-video-preview:-1\" \/>\n<link rel=\"canonical\" href=\"https:\/\/hstylebarber.com\/ca\/servicios\/\" \/>\n<meta property=\"og:locale\" content=\"ca_ES\" \/>\n<meta property=\"og:type\" content=\"article\" \/>\n<meta property=\"og:title\" content=\"Servicios - Hstylebarber\" \/>\n<meta property=\"og:description\" content=\"\u00a1Vive la experiencia Hstylebarber! Corte de pelo personalizado: Adaptado a tu estilo, rostro y personalidad. Arreglo y dise\u00f1o de barba: Definici\u00f3n precisa, hidrataci\u00f3n y acabado perfecto. Afeitado tradicional con toalla caliente: Una experiencia \u00fanica de relajaci\u00f3n y cuidado. Asesoramientode imagen: Te ayudamos a encontrar el look que mejor te representa. Productos de alta calidad y [&hellip;]\" \/>\n<meta property=\"og:url\" content=\"https:\/\/hstylebarber.com\/ca\/servicios\/\" \/>\n<meta property=\"og:site_name\" content=\"Hstylebarber\" \/>\n<meta property=\"article:modified_time\" content=\"2025-11-04T17:54:24+00:00\" \/>\n<meta property=\"og:image\" content=\"https:\/\/hstylebarber.com\/wp-content\/uploads\/elementor\/thumbs\/Diseno-sin-titulo-3-re7tfsg00a8lpzpwrsnaxuua3ecfs72lp3harkzty0.png\" \/>\n<meta name=\"twitter:card\" content=\"summary_large_image\" \/>\n<meta name=\"twitter:label1\" content=\"Temps estimat de lectura\" \/>\n\t<meta name=\"twitter:data1\" content=\"2 minuts\" \/>\n<script type=\"application\/ld+json\" class=\"yoast-schema-graph\">{\"@context\":\"https:\\\/\\\/schema.org\",\"@graph\":[{\"@type\":\"WebPage\",\"@id\":\"https:\\\/\\\/hstylebarber.com\\\/servicios\\\/\",\"url\":\"https:\\\/\\\/hstylebarber.com\\\/servicios\\\/\",\"name\":\"Servicios - Hstylebarber\",\"isPartOf\":{\"@id\":\"https:\\\/\\\/hstylebarber.com\\\/#website\"},\"primaryImageOfPage\":{\"@id\":\"https:\\\/\\\/hstylebarber.com\\\/servicios\\\/#primaryimage\"},\"image\":{\"@id\":\"https:\\\/\\\/hstylebarber.com\\\/servicios\\\/#primaryimage\"},\"thumbnailUrl\":\"https:\\\/\\\/hstylebarber.com\\\/wp-content\\\/uploads\\\/elementor\\\/thumbs\\\/Diseno-sin-titulo-3-re7tfsg00a8lpzpwrsnaxuua3ecfs72lp3harkzty0.png\",\"datePublished\":\"2025-11-03T17:28:57+00:00\",\"dateModified\":\"2025-11-04T17:54:24+00:00\",\"breadcrumb\":{\"@id\":\"https:\\\/\\\/hstylebarber.com\\\/servicios\\\/#breadcrumb\"},\"inLanguage\":\"ca\",\"potentialAction\":[{\"@type\":\"ReadAction\",\"target\":[\"https:\\\/\\\/hstylebarber.com\\\/servicios\\\/\"]}]},{\"@type\":\"ImageObject\",\"inLanguage\":\"ca\",\"@id\":\"https:\\\/\\\/hstylebarber.com\\\/servicios\\\/#primaryimage\",\"url\":\"https:\\\/\\\/hstylebarber.com\\\/wp-content\\\/uploads\\\/elementor\\\/thumbs\\\/Diseno-sin-titulo-3-re7tfsg00a8lpzpwrsnaxuua3ecfs72lp3harkzty0.png\",\"contentUrl\":\"https:\\\/\\\/hstylebarber.com\\\/wp-content\\\/uploads\\\/elementor\\\/thumbs\\\/Diseno-sin-titulo-3-re7tfsg00a8lpzpwrsnaxuua3ecfs72lp3harkzty0.png\"},{\"@type\":\"BreadcrumbList\",\"@id\":\"https:\\\/\\\/hstylebarber.com\\\/servicios\\\/#breadcrumb\",\"itemListElement\":[{\"@type\":\"ListItem\",\"position\":1,\"name\":\"Portada\",\"item\":\"https:\\\/\\\/hstylebarber.com\\\/\"},{\"@type\":\"ListItem\",\"position\":2,\"name\":\"Servicios\"}]},{\"@type\":\"WebSite\",\"@id\":\"https:\\\/\\\/hstylebarber.com\\\/#website\",\"url\":\"https:\\\/\\\/hstylebarber.com\\\/\",\"name\":\"Hstylebarber\",\"description\":\"Barberia\",\"publisher\":{\"@id\":\"https:\\\/\\\/hstylebarber.com\\\/#organization\"},\"potentialAction\":[{\"@type\":\"SearchAction\",\"target\":{\"@type\":\"EntryPoint\",\"urlTemplate\":\"https:\\\/\\\/hstylebarber.com\\\/?s={search_term_string}\"},\"query-input\":{\"@type\":\"PropertyValueSpecification\",\"valueRequired\":true,\"valueName\":\"search_term_string\"}}],\"inLanguage\":\"ca\"},{\"@type\":\"Organization\",\"@id\":\"https:\\\/\\\/hstylebarber.com\\\/#organization\",\"name\":\"Hstylebarber\",\"url\":\"https:\\\/\\\/hstylebarber.com\\\/\",\"logo\":{\"@type\":\"ImageObject\",\"inLanguage\":\"ca\",\"@id\":\"https:\\\/\\\/hstylebarber.com\\\/#\\\/schema\\\/logo\\\/image\\\/\",\"url\":\"https:\\\/\\\/hstylebarber.com\\\/wp-content\\\/uploads\\\/2025\\\/11\\\/cropped-IMG_0694-Benzema-el-peluquero-de-TikTok-2.jpeg\",\"contentUrl\":\"https:\\\/\\\/hstylebarber.com\\\/wp-content\\\/uploads\\\/2025\\\/11\\\/cropped-IMG_0694-Benzema-el-peluquero-de-TikTok-2.jpeg\",\"width\":656,\"height\":952,\"caption\":\"Hstylebarber\"},\"image\":{\"@id\":\"https:\\\/\\\/hstylebarber.com\\\/#\\\/schema\\\/logo\\\/image\\\/\"}}]}<\/script>\n<!-- \/ Yoast SEO plugin. -->","yoast_head_json":{"title":"Servicios - Hstylebarber","robots":{"index":"index","follow":"follow","max-snippet":"max-snippet:-1","max-image-preview":"max-image-preview:large","max-video-preview":"max-video-preview:-1"},"canonical":"https:\/\/hstylebarber.com\/ca\/servicios\/","og_locale":"ca_ES","og_type":"article","og_title":"Servicios - Hstylebarber","og_description":"\u00a1Vive la experiencia Hstylebarber! Corte de pelo personalizado: Adaptado a tu estilo, rostro y personalidad. Arreglo y dise\u00f1o de barba: Definici\u00f3n precisa, hidrataci\u00f3n y acabado perfecto. Afeitado tradicional con toalla caliente: Una experiencia \u00fanica de relajaci\u00f3n y cuidado. Asesoramientode imagen: Te ayudamos a encontrar el look que mejor te representa. Productos de alta calidad y [&hellip;]","og_url":"https:\/\/hstylebarber.com\/ca\/servicios\/","og_site_name":"Hstylebarber","article_modified_time":"2025-11-04T17:54:24+00:00","og_image":[{"url":"https:\/\/hstylebarber.com\/wp-content\/uploads\/elementor\/thumbs\/Diseno-sin-titulo-3-re7tfsg00a8lpzpwrsnaxuua3ecfs72lp3harkzty0.png","type":"","width":"","height":""}],"twitter_card":"summary_large_image","twitter_misc":{"Temps estimat de lectura":"2 minuts"},"schema":{"@context":"https:\/\/schema.org","@graph":[{"@type":"WebPage","@id":"https:\/\/hstylebarber.com\/servicios\/","url":"https:\/\/hstylebarber.com\/servicios\/","name":"Servicios - Hstylebarber","isPartOf":{"@id":"https:\/\/hstylebarber.com\/#website"},"primaryImageOfPage":{"@id":"https:\/\/hstylebarber.com\/servicios\/#primaryimage"},"image":{"@id":"https:\/\/hstylebarber.com\/servicios\/#primaryimage"},"thumbnailUrl":"https:\/\/hstylebarber.com\/wp-content\/uploads\/elementor\/thumbs\/Diseno-sin-titulo-3-re7tfsg00a8lpzpwrsnaxuua3ecfs72lp3harkzty0.png","datePublished":"2025-11-03T17:28:57+00:00","dateModified":"2025-11-04T17:54:24+00:00","breadcrumb":{"@id":"https:\/\/hstylebarber.com\/servicios\/#breadcrumb"},"inLanguage":"ca","potentialAction":[{"@type":"ReadAction","target":["https:\/\/hstylebarber.com\/servicios\/"]}]},{"@type":"ImageObject","inLanguage":"ca","@id":"https:\/\/hstylebarber.com\/servicios\/#primaryimage","url":"https:\/\/hstylebarber.com\/wp-content\/uploads\/elementor\/thumbs\/Diseno-sin-titulo-3-re7tfsg00a8lpzpwrsnaxuua3ecfs72lp3harkzty0.png","contentUrl":"https:\/\/hstylebarber.com\/wp-content\/uploads\/elementor\/thumbs\/Diseno-sin-titulo-3-re7tfsg00a8lpzpwrsnaxuua3ecfs72lp3harkzty0.png"},{"@type":"BreadcrumbList","@id":"https:\/\/hstylebarber.com\/servicios\/#breadcrumb","itemListElement":[{"@type":"ListItem","position":1,"name":"Portada","item":"https:\/\/hstylebarber.com\/"},{"@type":"ListItem","position":2,"name":"Servicios"}]},{"@type":"WebSite","@id":"https:\/\/hstylebarber.com\/#website","url":"https:\/\/hstylebarber.com\/","name":"Hstylebarber","description":"Barberia","publisher":{"@id":"https:\/\/hstylebarber.com\/#organization"},"potentialAction":[{"@type":"SearchAction","target":{"@type":"EntryPoint","urlTemplate":"https:\/\/hstylebarber.com\/?s={search_term_string}"},"query-input":{"@type":"PropertyValueSpecification","valueRequired":true,"valueName":"search_term_string"}}],"inLanguage":"ca"},{"@type":"Organization","@id":"https:\/\/hstylebarber.com\/#organization","name":"Hstylebarber","url":"https:\/\/hstylebarber.com\/","logo":{"@type":"ImageObject","inLanguage":"ca","@id":"https:\/\/hstylebarber.com\/#\/schema\/logo\/image\/","url":"https:\/\/hstylebarber.com\/wp-content\/uploads\/2025\/11\/cropped-IMG_0694-Benzema-el-peluquero-de-TikTok-2.jpeg","contentUrl":"https:\/\/hstylebarber.com\/wp-content\/uploads\/2025\/11\/cropped-IMG_0694-Benzema-el-peluquero-de-TikTok-2.jpeg","width":656,"height":952,"caption":"Hstylebarber"},"image":{"@id":"https:\/\/hstylebarber.com\/#\/schema\/logo\/image\/"}}]}},"_links":{"self":[{"href":"https:\/\/hstylebarber.com\/ca\/wp-json\/wp\/v2\/pages\/13","targetHints":{"allow":["GET"]}}],"collection":[{"href":"https:\/\/hstylebarber.com\/ca\/wp-json\/wp\/v2\/pages"}],"about":[{"href":"https:\/\/hstylebarber.com\/ca\/wp-json\/wp\/v2\/types\/page"}],"author":[{"embeddable":true,"href":"https:\/\/hstylebarber.com\/ca\/wp-json\/wp\/v2\/users\/1"}],"replies":[{"embeddable":true,"href":"https:\/\/hstylebarber.com\/ca\/wp-json\/wp\/v2\/comments?post=13"}],"version-history":[{"count":13,"href":"https:\/\/hstylebarber.com\/ca\/wp-json\/wp\/v2\/pages\/13\/revisions"}],"predecessor-version":[{"id":153,"href":"https:\/\/hstylebarber.com\/ca\/wp-json\/wp\/v2\/pages\/13\/revisions\/153"}],"wp:attachment":[{"href":"https:\/\/hstylebarber.com\/ca\/wp-json\/wp\/v2\/media?parent=13"}],"curies":[{"name":"wp","href":"https:\/\/api.w.org\/{rel}","templated":true}]}}