{"id":10,"date":"2025-11-03T17:27:14","date_gmt":"2025-11-03T17:27:14","guid":{"rendered":"https:\/\/hstylebarber.rkinformatika.online\/?page_id=10"},"modified":"2025-11-04T17:56:27","modified_gmt":"2025-11-04T17:56:27","slug":"inicio","status":"publish","type":"page","link":"https:\/\/hstylebarber.com\/ca\/","title":{"rendered":"Inici"},"content":{"rendered":"<div data-elementor-type=\"wp-page\" data-elementor-id=\"10\" class=\"elementor elementor-10\" data-elementor-post-type=\"page\">\n\t\t\t\t<div class=\"elementor-element elementor-element-1fc0659 e-flex e-con-boxed e-con e-parent\" data-id=\"1fc0659\" data-element_type=\"container\" data-e-type=\"container\" data-settings=\"{&quot;background_background&quot;:&quot;classic&quot;}\">\n\t\t\t\t\t<div class=\"e-con-inner\">\n\t\t\t\t<div class=\"elementor-element elementor-element-7670286 elementor-widget elementor-widget-heading\" data-id=\"7670286\" data-element_type=\"widget\" data-e-type=\"widget\" data-widget_type=\"heading.default\">\n\t\t\t\t\t<h2 class=\"elementor-heading-title elementor-size-default\">Barber of the Stars VIP<\/h2>\t\t\t\t<\/div>\n\t\t\t\t\t<\/div>\n\t\t\t\t<\/div>\n\t\t<div class=\"elementor-element elementor-element-91e7a30 e-flex e-con-boxed e-con e-parent\" data-id=\"91e7a30\" data-element_type=\"container\" data-e-type=\"container\">\n\t\t\t\t\t<div class=\"e-con-inner\">\n\t\t<div class=\"elementor-element elementor-element-0d1e1b1 e-con-full e-flex e-con e-child\" data-id=\"0d1e1b1\" data-element_type=\"container\" data-e-type=\"container\">\n\t\t\t\t<div class=\"elementor-element elementor-element-5a5a7d8 elementor-widget elementor-widget-heading\" data-id=\"5a5a7d8\" data-element_type=\"widget\" data-e-type=\"widget\" data-widget_type=\"heading.default\">\n\t\t\t\t\t<h2 class=\"elementor-heading-title elementor-size-default\">Sobre nosaltres<\/h2>\t\t\t\t<\/div>\n\t\t\t\t<div class=\"elementor-element elementor-element-19954c9 elementor-widget elementor-widget-text-editor\" data-id=\"19954c9\" data-element_type=\"widget\" data-e-type=\"widget\" data-widget_type=\"text-editor.default\">\n\t\t\t\t\t\t\t\t\t<p>A Hstylebarber som molt m\u00e9s que una perruqueria i barberia: som un espai dedicat a l'estil, la imatge i la confian\u00e7a personal.<\/p><p>Oferim serveis exclusius i personalitzats, pensats per als que saben que l'estil no \u00e9s nom\u00e9s una aparen\u00e7a sin\u00f3 una veritable forma d'expressi\u00f3.<\/p><p>Realitzem talls de p\u00e8l, arranjament de barba i protocols d'afaitat amb t\u00e8cniques modernes i productes de qualitat, cuidant cada detall perqu\u00e8 gaudiu d'una experi\u00e8ncia \u00fanica.<\/p>\t\t\t\t\t\t\t\t<\/div>\n\t\t\t\t<\/div>\n\t\t<div class=\"elementor-element elementor-element-fffc0f7 e-con-full e-flex e-con e-child\" data-id=\"fffc0f7\" data-element_type=\"container\" data-e-type=\"container\">\n\t\t\t\t<div class=\"elementor-element elementor-element-afaa549 elementor-widget elementor-widget-image\" data-id=\"afaa549\" data-element_type=\"widget\" data-e-type=\"widget\" data-widget_type=\"image.default\">\n\t\t\t\t\t\t\t\t\t\t\t\t\t\t\t<img fetchpriority=\"high\" decoding=\"async\" width=\"574\" height=\"704\" src=\"https:\/\/hstylebarber.com\/wp-content\/uploads\/2025\/11\/8E3459CF-ADB6-47EA-A790-70CB6F3A0758-Benzema-el-peluquero-de-TikTok.jpeg\" class=\"attachment-large size-large wp-image-83\" alt=\"\" srcset=\"https:\/\/hstylebarber.com\/wp-content\/uploads\/2025\/11\/8E3459CF-ADB6-47EA-A790-70CB6F3A0758-Benzema-el-peluquero-de-TikTok.jpeg 574w, https:\/\/hstylebarber.com\/wp-content\/uploads\/2025\/11\/8E3459CF-ADB6-47EA-A790-70CB6F3A0758-Benzema-el-peluquero-de-TikTok-245x300.jpeg 245w, https:\/\/hstylebarber.com\/wp-content\/uploads\/2025\/11\/8E3459CF-ADB6-47EA-A790-70CB6F3A0758-Benzema-el-peluquero-de-TikTok-10x12.jpeg 10w\" sizes=\"(max-width: 574px) 100vw, 574px\" \/>\t\t\t\t\t\t\t\t\t\t\t\t\t\t\t<\/div>\n\t\t\t\t<\/div>\n\t\t\t\t\t<\/div>\n\t\t\t\t<\/div>\n\t\t<div class=\"elementor-element elementor-element-043b894 e-flex e-con-boxed e-con e-parent\" data-id=\"043b894\" data-element_type=\"container\" data-e-type=\"container\">\n\t\t\t\t\t<div class=\"e-con-inner\">\n\t\t\t\t<div class=\"elementor-element elementor-element-b995793 elementor-cta--skin-cover elementor-animated-content elementor-bg-transform elementor-bg-transform-zoom-in elementor-widget elementor-widget-call-to-action\" data-id=\"b995793\" data-element_type=\"widget\" data-e-type=\"widget\" data-widget_type=\"call-to-action.default\">\n\t\t\t\t\t\t\t<div class=\"elementor-cta\">\n\t\t\t\t\t<div class=\"elementor-cta__bg-wrapper\">\n\t\t\t\t<div class=\"elementor-cta__bg elementor-bg\" style=\"background-image: url(https:\/\/hstylebarber.com\/wp-content\/uploads\/2025\/11\/121497-1024x683.jpg);\" role=\"img\" aria-label=\"121497\"><\/div>\n\t\t\t\t<div class=\"elementor-cta__bg-overlay\"><\/div>\n\t\t\t<\/div>\n\t\t\t\t\t\t\t<div class=\"elementor-cta__content\">\n\t\t\t\t\n\t\t\t\t\t\t\t\t\t<h2 class=\"elementor-cta__title elementor-cta__content-item elementor-content-item elementor-animated-item--grow\">\n\t\t\t\t\t\tON L'ESTIL ES CONVERTEIX EN IDENTITAT\t\t\t\t\t<\/h2>\n\t\t\t\t\n\t\t\t\t\n\t\t\t\t\t\t\t\t\t<div class=\"elementor-cta__button-wrapper elementor-cta__content-item elementor-content-item elementor-animated-item--grow\">\n\t\t\t\t\t<a class=\"elementor-cta__button elementor-button elementor-size-\" href=\"https:\/\/hstylebarber.com\/ca\/servicios\/\">\n\t\t\t\t\t\tServeis\t\t\t\t\t<\/a>\n\t\t\t\t\t<\/div>\n\t\t\t\t\t\t\t<\/div>\n\t\t\t\t\t\t<\/div>\n\t\t\t\t\t\t<\/div>\n\t\t\t\t\t<\/div>\n\t\t\t\t<\/div>\n\t\t\t\t<\/div>","protected":false},"excerpt":{"rendered":"<p>Barber of the Stars VIP Sobre nosotros En Hstylebarber, somos mucho m\u00e1s que una peluquer\u00eda y barber\u00eda: somos un espacio dedicado al estilo, la imagen y la confianza personal. Ofrecemos servicios exclusivos y personalizados, pensados para quienes saben que el estilo no es solo una apariencia, sino una verdadera forma de expresi\u00f3n. Realizamos cortes de [&hellip;]<\/p>\n","protected":false},"author":1,"featured_media":0,"parent":0,"menu_order":0,"comment_status":"closed","ping_status":"closed","template":"elementor_canvas","meta":{"footnotes":""},"class_list":["post-10","page","type-page","status-publish","hentry"],"yoast_head":"<!-- This site is optimized with the Yoast SEO plugin v27.5 - https:\/\/yoast.com\/product\/yoast-seo-wordpress\/ -->\n<title>Inicio - Hstylebarber<\/title>\n<meta name=\"robots\" content=\"index, follow, max-snippet:-1, max-image-preview:large, max-video-preview:-1\" \/>\n<link rel=\"canonical\" href=\"https:\/\/hstylebarber.com\/ca\/\" \/>\n<meta property=\"og:locale\" content=\"ca_ES\" \/>\n<meta property=\"og:type\" content=\"article\" \/>\n<meta property=\"og:title\" content=\"Inicio - Hstylebarber\" \/>\n<meta property=\"og:description\" content=\"Barber of the Stars VIP Sobre nosotros En Hstylebarber, somos mucho m\u00e1s que una peluquer\u00eda y barber\u00eda: somos un espacio dedicado al estilo, la imagen y la confianza personal. Ofrecemos servicios exclusivos y personalizados, pensados para quienes saben que el estilo no es solo una apariencia, sino una verdadera forma de expresi\u00f3n. Realizamos cortes de [&hellip;]\" \/>\n<meta property=\"og:url\" content=\"https:\/\/hstylebarber.com\/ca\/\" \/>\n<meta property=\"og:site_name\" content=\"Hstylebarber\" \/>\n<meta property=\"article:modified_time\" content=\"2025-11-04T17:56:27+00:00\" \/>\n<meta property=\"og:image\" content=\"https:\/\/hstylebarber.com\/wp-content\/uploads\/2025\/11\/8E3459CF-ADB6-47EA-A790-70CB6F3A0758-Benzema-el-peluquero-de-TikTok.jpeg\" \/>\n<meta name=\"twitter:card\" content=\"summary_large_image\" \/>\n<meta name=\"twitter:label1\" content=\"Temps estimat de lectura\" \/>\n\t<meta name=\"twitter:data1\" content=\"1 minut\" \/>\n<script type=\"application\/ld+json\" class=\"yoast-schema-graph\">{\"@context\":\"https:\\\/\\\/schema.org\",\"@graph\":[{\"@type\":\"WebPage\",\"@id\":\"https:\\\/\\\/hstylebarber.com\\\/\",\"url\":\"https:\\\/\\\/hstylebarber.com\\\/\",\"name\":\"Inicio - Hstylebarber\",\"isPartOf\":{\"@id\":\"https:\\\/\\\/hstylebarber.com\\\/#website\"},\"primaryImageOfPage\":{\"@id\":\"https:\\\/\\\/hstylebarber.com\\\/#primaryimage\"},\"image\":{\"@id\":\"https:\\\/\\\/hstylebarber.com\\\/#primaryimage\"},\"thumbnailUrl\":\"https:\\\/\\\/hstylebarber.com\\\/wp-content\\\/uploads\\\/2025\\\/11\\\/8E3459CF-ADB6-47EA-A790-70CB6F3A0758-Benzema-el-peluquero-de-TikTok.jpeg\",\"datePublished\":\"2025-11-03T17:27:14+00:00\",\"dateModified\":\"2025-11-04T17:56:27+00:00\",\"breadcrumb\":{\"@id\":\"https:\\\/\\\/hstylebarber.com\\\/#breadcrumb\"},\"inLanguage\":\"ca\",\"potentialAction\":[{\"@type\":\"ReadAction\",\"target\":[\"https:\\\/\\\/hstylebarber.com\\\/\"]}]},{\"@type\":\"ImageObject\",\"inLanguage\":\"ca\",\"@id\":\"https:\\\/\\\/hstylebarber.com\\\/#primaryimage\",\"url\":\"https:\\\/\\\/hstylebarber.com\\\/wp-content\\\/uploads\\\/2025\\\/11\\\/8E3459CF-ADB6-47EA-A790-70CB6F3A0758-Benzema-el-peluquero-de-TikTok.jpeg\",\"contentUrl\":\"https:\\\/\\\/hstylebarber.com\\\/wp-content\\\/uploads\\\/2025\\\/11\\\/8E3459CF-ADB6-47EA-A790-70CB6F3A0758-Benzema-el-peluquero-de-TikTok.jpeg\"},{\"@type\":\"BreadcrumbList\",\"@id\":\"https:\\\/\\\/hstylebarber.com\\\/#breadcrumb\",\"itemListElement\":[{\"@type\":\"ListItem\",\"position\":1,\"name\":\"Portada\",\"item\":\"https:\\\/\\\/hstylebarber.com\\\/\"},{\"@type\":\"ListItem\",\"position\":2,\"name\":\"Inicio\"}]},{\"@type\":\"WebSite\",\"@id\":\"https:\\\/\\\/hstylebarber.com\\\/#website\",\"url\":\"https:\\\/\\\/hstylebarber.com\\\/\",\"name\":\"Hstylebarber\",\"description\":\"Barberia\",\"publisher\":{\"@id\":\"https:\\\/\\\/hstylebarber.com\\\/#organization\"},\"potentialAction\":[{\"@type\":\"SearchAction\",\"target\":{\"@type\":\"EntryPoint\",\"urlTemplate\":\"https:\\\/\\\/hstylebarber.com\\\/?s={search_term_string}\"},\"query-input\":{\"@type\":\"PropertyValueSpecification\",\"valueRequired\":true,\"valueName\":\"search_term_string\"}}],\"inLanguage\":\"ca\"},{\"@type\":\"Organization\",\"@id\":\"https:\\\/\\\/hstylebarber.com\\\/#organization\",\"name\":\"Hstylebarber\",\"url\":\"https:\\\/\\\/hstylebarber.com\\\/\",\"logo\":{\"@type\":\"ImageObject\",\"inLanguage\":\"ca\",\"@id\":\"https:\\\/\\\/hstylebarber.com\\\/#\\\/schema\\\/logo\\\/image\\\/\",\"url\":\"https:\\\/\\\/hstylebarber.com\\\/wp-content\\\/uploads\\\/2025\\\/11\\\/cropped-IMG_0694-Benzema-el-peluquero-de-TikTok-2.jpeg\",\"contentUrl\":\"https:\\\/\\\/hstylebarber.com\\\/wp-content\\\/uploads\\\/2025\\\/11\\\/cropped-IMG_0694-Benzema-el-peluquero-de-TikTok-2.jpeg\",\"width\":656,\"height\":952,\"caption\":\"Hstylebarber\"},\"image\":{\"@id\":\"https:\\\/\\\/hstylebarber.com\\\/#\\\/schema\\\/logo\\\/image\\\/\"}}]}<\/script>\n<!-- \/ Yoast SEO plugin. -->","yoast_head_json":{"title":"Inicio - Hstylebarber","robots":{"index":"index","follow":"follow","max-snippet":"max-snippet:-1","max-image-preview":"max-image-preview:large","max-video-preview":"max-video-preview:-1"},"canonical":"https:\/\/hstylebarber.com\/ca\/","og_locale":"ca_ES","og_type":"article","og_title":"Inicio - Hstylebarber","og_description":"Barber of the Stars VIP Sobre nosotros En Hstylebarber, somos mucho m\u00e1s que una peluquer\u00eda y barber\u00eda: somos un espacio dedicado al estilo, la imagen y la confianza personal. Ofrecemos servicios exclusivos y personalizados, pensados para quienes saben que el estilo no es solo una apariencia, sino una verdadera forma de expresi\u00f3n. Realizamos cortes de [&hellip;]","og_url":"https:\/\/hstylebarber.com\/ca\/","og_site_name":"Hstylebarber","article_modified_time":"2025-11-04T17:56:27+00:00","og_image":[{"url":"https:\/\/hstylebarber.com\/wp-content\/uploads\/2025\/11\/8E3459CF-ADB6-47EA-A790-70CB6F3A0758-Benzema-el-peluquero-de-TikTok.jpeg","type":"","width":"","height":""}],"twitter_card":"summary_large_image","twitter_misc":{"Temps estimat de lectura":"1 minut"},"schema":{"@context":"https:\/\/schema.org","@graph":[{"@type":"WebPage","@id":"https:\/\/hstylebarber.com\/","url":"https:\/\/hstylebarber.com\/","name":"Inicio - Hstylebarber","isPartOf":{"@id":"https:\/\/hstylebarber.com\/#website"},"primaryImageOfPage":{"@id":"https:\/\/hstylebarber.com\/#primaryimage"},"image":{"@id":"https:\/\/hstylebarber.com\/#primaryimage"},"thumbnailUrl":"https:\/\/hstylebarber.com\/wp-content\/uploads\/2025\/11\/8E3459CF-ADB6-47EA-A790-70CB6F3A0758-Benzema-el-peluquero-de-TikTok.jpeg","datePublished":"2025-11-03T17:27:14+00:00","dateModified":"2025-11-04T17:56:27+00:00","breadcrumb":{"@id":"https:\/\/hstylebarber.com\/#breadcrumb"},"inLanguage":"ca","potentialAction":[{"@type":"ReadAction","target":["https:\/\/hstylebarber.com\/"]}]},{"@type":"ImageObject","inLanguage":"ca","@id":"https:\/\/hstylebarber.com\/#primaryimage","url":"https:\/\/hstylebarber.com\/wp-content\/uploads\/2025\/11\/8E3459CF-ADB6-47EA-A790-70CB6F3A0758-Benzema-el-peluquero-de-TikTok.jpeg","contentUrl":"https:\/\/hstylebarber.com\/wp-content\/uploads\/2025\/11\/8E3459CF-ADB6-47EA-A790-70CB6F3A0758-Benzema-el-peluquero-de-TikTok.jpeg"},{"@type":"BreadcrumbList","@id":"https:\/\/hstylebarber.com\/#breadcrumb","itemListElement":[{"@type":"ListItem","position":1,"name":"Portada","item":"https:\/\/hstylebarber.com\/"},{"@type":"ListItem","position":2,"name":"Inicio"}]},{"@type":"WebSite","@id":"https:\/\/hstylebarber.com\/#website","url":"https:\/\/hstylebarber.com\/","name":"Hstylebarber","description":"Barberia","publisher":{"@id":"https:\/\/hstylebarber.com\/#organization"},"potentialAction":[{"@type":"SearchAction","target":{"@type":"EntryPoint","urlTemplate":"https:\/\/hstylebarber.com\/?s={search_term_string}"},"query-input":{"@type":"PropertyValueSpecification","valueRequired":true,"valueName":"search_term_string"}}],"inLanguage":"ca"},{"@type":"Organization","@id":"https:\/\/hstylebarber.com\/#organization","name":"Hstylebarber","url":"https:\/\/hstylebarber.com\/","logo":{"@type":"ImageObject","inLanguage":"ca","@id":"https:\/\/hstylebarber.com\/#\/schema\/logo\/image\/","url":"https:\/\/hstylebarber.com\/wp-content\/uploads\/2025\/11\/cropped-IMG_0694-Benzema-el-peluquero-de-TikTok-2.jpeg","contentUrl":"https:\/\/hstylebarber.com\/wp-content\/uploads\/2025\/11\/cropped-IMG_0694-Benzema-el-peluquero-de-TikTok-2.jpeg","width":656,"height":952,"caption":"Hstylebarber"},"image":{"@id":"https:\/\/hstylebarber.com\/#\/schema\/logo\/image\/"}}]}},"_links":{"self":[{"href":"https:\/\/hstylebarber.com\/ca\/wp-json\/wp\/v2\/pages\/10","targetHints":{"allow":["GET"]}}],"collection":[{"href":"https:\/\/hstylebarber.com\/ca\/wp-json\/wp\/v2\/pages"}],"about":[{"href":"https:\/\/hstylebarber.com\/ca\/wp-json\/wp\/v2\/types\/page"}],"author":[{"embeddable":true,"href":"https:\/\/hstylebarber.com\/ca\/wp-json\/wp\/v2\/users\/1"}],"replies":[{"embeddable":true,"href":"https:\/\/hstylebarber.com\/ca\/wp-json\/wp\/v2\/comments?post=10"}],"version-history":[{"count":22,"href":"https:\/\/hstylebarber.com\/ca\/wp-json\/wp\/v2\/pages\/10\/revisions"}],"predecessor-version":[{"id":156,"href":"https:\/\/hstylebarber.com\/ca\/wp-json\/wp\/v2\/pages\/10\/revisions\/156"}],"wp:attachment":[{"href":"https:\/\/hstylebarber.com\/ca\/wp-json\/wp\/v2\/media?parent=10"}],"curies":[{"name":"wp","href":"https:\/\/api.w.org\/{rel}","templated":true}]}}